{"id":36,"date":"2022-10-17T20:08:39","date_gmt":"2022-10-17T18:08:39","guid":{"rendered":"https:\/\/humblemumble.de\/?page_id=36"},"modified":"2022-10-17T20:08:39","modified_gmt":"2022-10-17T18:08:39","slug":"vita","status":"publish","type":"page","link":"https:\/\/humblemumble.de\/?page_id=36","title":{"rendered":"vita"},"content":{"rendered":"\n<p>geboren aus einer rum\u00e4nischen mutter. hat nie die muttersprache gelernt, weil bayerische nazi-kinder\u00e4rzte meinten, das kind muss deutsch lernen. die autorit\u00e4ren und patriarchalen eltern gehorchten. der deutsche vater sah es nicht f\u00fcr n\u00f6tig an, einen rum\u00e4nischen namen zu vergeben, nicht mal als dritten vornamen. das hinderte den rest des dorfes nicht, uns als rum\u00e4nenfamilie zu identifizieren, mich als rum\u00e4nenkind. man munkelte, ob wir nicht auch zigeuner seien. aber mutter hasste zigeuner. man musste als rum\u00e4nin ja auch noch irgendwo anders abf\u00e4llig und rassistisch herabschauen. die stimmung im dorf war tendenziell: erst die ganzen t\u00fcrken, jetzt schwappt noch der ganze osten \u00fcber uns. also bem\u00fchte sich v.a. die mutter (dem vater war alles egal), sich und mich zu integrieren: ab in die kirche. <\/p>\n\n\n\n<p>mit drei jahren brachte mich die mutter zur musikalischen fr\u00fcherziehung. dort schlugen kinder auf t\u00f6pfe. ich sagte mutter, dass mir das zu bl\u00f6d ist. das kind ist wohl unmusikalisch. danach ging ich in den kirchlichen kinderchor, geleitet von einem hervorragend jungen studenten. ich lernte blockfl\u00f6te, keyboard, klavier, orgel, sp\u00e4ter grundlagen in querfl\u00f6te. ich fing an, improvisationen aufzuschreiben, dann mit und dann ohne klavier zu komponieren. ich fing an, immer &#8222;schr\u00e4ger&#8220; zu improvisieren. pfarrer verboten mir so &#8222;zw\u00f6lft\u00f6nig&#8220; zu spielen. zu gr\u00f6\u00dftem dank bin ich der japanischen fl\u00f6tenlehrerin verpflichtet, deren sch\u00fclerin ich bei jugend musiziert begleitet habe. sie erkannte, dass ich wohl interessante musik schrieb. sie organisierte eine erm\u00e4\u00dfigung f\u00fcr einen kompositionsworkshop. seitdem besuchte ich weitere kompositionskurse f\u00fcr sch\u00fcler. danach kompositionsstudium. dabei theater und performance. danach depression. ich hasse wettbewerbe und stipendien, daher habe ich auch nie an sowas teilgenommen (mit ausnahme von jugends\u00fcnde jugend musiziert). <\/p>\n\n\n\n<p>fr\u00fch lernte ich, dass man zwar zwischen eigentum und besitz unterschied, aber ich den unterschied nicht verstand. die nachbarskinder hie\u00dfen mich \u00e4rgernd willkommen. ich heulte, sie sollen mein grundst\u00fcck verlassen. &#8222;das ist gar nicht dein grundst\u00fcck&#8220;. es stimmte, aber ich verstand nicht. sie sollen doch einfach nur abhauen. wenn klassismus eines tages als diskriminierungsgrund anerkannt wird, wird das der tod jeglichen klassenkampfes, jeglicher verteilungsdiskussionen sein. <\/p>\n\n\n\n<p>[work in progress]<\/p>\n","protected":false},"excerpt":{"rendered":"<p>geboren aus einer rum\u00e4nischen mutter. hat nie die muttersprache gelernt, weil bayerische nazi-kinder\u00e4rzte meinten, das kind muss deutsch lernen. die autorit\u00e4ren und patriarchalen eltern gehorchten. der deutsche vater sah es nicht f\u00fcr n\u00f6tig an, einen rum\u00e4nischen namen zu vergeben, nicht mal als dritten vornamen. das hinderte den rest des dorfes nicht, uns als rum\u00e4nenfamilie zu <a href=\"https:\/\/humblemumble.de\/?page_id=36\" class=\"more-link\">&#8230;<span class=\"screen-reader-text\">  vita<\/span><\/a><\/p>\n","protected":false},"author":1,"featured_media":0,"parent":0,"menu_order":0,"comment_status":"closed","ping_status":"closed","template":"","meta":[],"_links":{"self":[{"href":"https:\/\/humblemumble.de\/index.php?rest_route=\/wp\/v2\/pages\/36"}],"collection":[{"href":"https:\/\/humblemumble.de\/index.php?rest_route=\/wp\/v2\/pages"}],"about":[{"href":"https:\/\/humblemumble.de\/index.php?rest_route=\/wp\/v2\/types\/page"}],"author":[{"embeddable":true,"href":"https:\/\/humblemumble.de\/index.php?rest_route=\/wp\/v2\/users\/1"}],"replies":[{"embeddable":true,"href":"https:\/\/humblemumble.de\/index.php?rest_route=%2Fwp%2Fv2%2Fcomments&post=36"}],"version-history":[{"count":3,"href":"https:\/\/humblemumble.de\/index.php?rest_route=\/wp\/v2\/pages\/36\/revisions"}],"predecessor-version":[{"id":40,"href":"https:\/\/humblemumble.de\/index.php?rest_route=\/wp\/v2\/pages\/36\/revisions\/40"}],"wp:attachment":[{"href":"https:\/\/humblemumble.de\/index.php?rest_route=%2Fwp%2Fv2%2Fmedia&parent=36"}],"curies":[{"name":"wp","href":"https:\/\/api.w.org\/{rel}","templated":true}]}}